{"id":198,"date":"2022-01-31T20:17:50","date_gmt":"2022-01-31T20:17:50","guid":{"rendered":"https:\/\/www.kita-dammbach.de\/?page_id=198"},"modified":"2025-07-17T07:53:57","modified_gmt":"2025-07-17T07:53:57","slug":"kosten","status":"publish","type":"page","link":"https:\/\/www.kita-dammbach.de\/index.php\/kosten\/","title":{"rendered":"Kosten"},"content":{"rendered":"\n<p>Im Rahmen der \u00d6ffnungszeiten k\u00f6nnen die Eltern die t\u00e4glich ben\u00f6tigte Betreuungszeit f\u00fcr ihr Kind buchen. Die Buchungszeit gilt grunds\u00e4tzlich f\u00fcr die Dauer des Bildungs- und Betreuungsvertrages als vereinbart. Die Erziehungsberechtigten haben die M\u00f6glichkeit, 1x\/j\u00e4hrlich die Buchungszeit kostenfrei abzu\u00e4ndern. <\/p>\n\n\n\n<p>Dar\u00fcber hinaus f\u00e4llt f\u00fcr jede weitere Umbuchung eine Verwaltungsgeb\u00fchr von 10,00 \u20ac an. Daf\u00fcr ist ein rechtzeitiger Antrag auf \u00c4nderungsw\u00fcnsche bei der Einrichtungsleitung notwendig. Nur wenn dies der Personalschl\u00fcssel zul\u00e4sst, also ausreichend Fachpersonal zur Verf\u00fcgung gestellt werden kann, wird die ge\u00e4nderte Buchungszeit genehmigt. Au\u00dferdem werden die \u00c4nderungen in Elternbeitrags- und Buchungsvereinbarungen vertraglich festgehalten und treten erst im darauffolgenden Monat in Kraft.<\/p>\n\n\n\n<p><br>Der Elternbeitrag und das Getr\u00e4nkegeld (gegebenenfalls auch Kosten f\u00fcr ein warmes Mittagessen) werden per SEPA Lastschriftverfahren monatlich eingezogen. Zahlungsbeginn ist der Monat der Aufnahme des Kindes in die Einrichtung. Der Elternbeitrag und die Kosten f\u00fcr das warme Mittagessen richten sich nach den festgelegten Buchungszeiten. Die monatliche Geb\u00fchr wird f\u00fcr 12 Monate pro Kindergartenjahr erhoben. Au\u00dferdem erhalten Geschwisterkinder eine Kostenverg\u00fcnstigung.<br>Eltern haben die M\u00f6glichkeit, Antr\u00e4ge f\u00fcr eine Kosten\u00fcbernahme (Betreuungskosten und Mittagsverpflegung) bei den \u00c4mtern zu stellen. Bis zum Vorliegen eines positiven Bewilligungsbescheides des Kostentr\u00e4gers haben die Erziehungsberechtigten die Beitr\u00e4ge zu entrichten.<\/p>\n\n\n\n<div class=\"wp-block-file\"><a href=\"https:\/\/www.kita-dammbach.de\/wp-content\/uploads\/2025\/07\/Beitraege-ab-Sept.-25.pdf\">Beitraege-ab-Sept.-25<\/a><a href=\"https:\/\/www.kita-dammbach.de\/wp-content\/uploads\/2025\/07\/Beitraege-ab-Sept.-25.pdf\" class=\"wp-block-file__button\" download>Herunterladen<\/a><\/div>\n\n\n\n<p><\/p>\n","protected":false},"excerpt":{"rendered":"<p>Im Rahmen der \u00d6ffnungszeiten k\u00f6nnen die Eltern die t\u00e4glich ben\u00f6tigte Betreuungszeit f\u00fcr ihr Kind buchen. Die Buchungszeit gilt grunds\u00e4tzlich f\u00fcr die Dauer des Bildungs- und Betreuungsvertrages als vereinbart. Die Erziehungsberechtigten haben die M\u00f6glichkeit, 1x\/j\u00e4hrlich die Buchungszeit kostenfrei abzu\u00e4ndern. Dar\u00fcber hinaus f\u00e4llt f\u00fcr jede weitere Umbuchung eine Verwaltungsgeb\u00fchr von 10,00 \u20ac an. Daf\u00fcr ist ein rechtzeitiger&#8230;<\/p>\n","protected":false},"author":1,"featured_media":0,"parent":0,"menu_order":0,"comment_status":"closed","ping_status":"closed","template":"","meta":{"footnotes":""},"class_list":["post-198","page","type-page","status-publish","hentry"],"_links":{"self":[{"href":"https:\/\/www.kita-dammbach.de\/index.php\/wp-json\/wp\/v2\/pages\/198","targetHints":{"allow":["GET"]}}],"collection":[{"href":"https:\/\/www.kita-dammbach.de\/index.php\/wp-json\/wp\/v2\/pages"}],"about":[{"href":"https:\/\/www.kita-dammbach.de\/index.php\/wp-json\/wp\/v2\/types\/page"}],"author":[{"embeddable":true,"href":"https:\/\/www.kita-dammbach.de\/index.php\/wp-json\/wp\/v2\/users\/1"}],"replies":[{"embeddable":true,"href":"https:\/\/www.kita-dammbach.de\/index.php\/wp-json\/wp\/v2\/comments?post=198"}],"version-history":[{"count":10,"href":"https:\/\/www.kita-dammbach.de\/index.php\/wp-json\/wp\/v2\/pages\/198\/revisions"}],"predecessor-version":[{"id":945,"href":"https:\/\/www.kita-dammbach.de\/index.php\/wp-json\/wp\/v2\/pages\/198\/revisions\/945"}],"wp:attachment":[{"href":"https:\/\/www.kita-dammbach.de\/index.php\/wp-json\/wp\/v2\/media?parent=198"}],"curies":[{"name":"wp","href":"https:\/\/api.w.org\/{rel}","templated":true}]}}