{"id":220,"date":"2022-01-31T20:47:31","date_gmt":"2022-01-31T20:47:31","guid":{"rendered":"https:\/\/www.kita-dammbach.de\/?page_id=220"},"modified":"2025-12-11T07:07:24","modified_gmt":"2025-12-11T07:07:24","slug":"leitung","status":"publish","type":"page","link":"https:\/\/www.kita-dammbach.de\/index.php\/leitung\/","title":{"rendered":"Leitung"},"content":{"rendered":"\n<p>Einrichtungsleitung: Lisa K\u00f6hlich<br>    <img decoding=\"async\" class=\"wp-image-948\" style=\"width: 150px;\" src=\"https:\/\/www.kita-dammbach.de\/wp-content\/uploads\/2025\/07\/lisa-scaled.jpg\" alt=\"\"><\/p>\n\n\n\n<p>Stellvertretende Leitung: Svenja Sch\u00e4fer<\/p>\n\n\n\n<p><\/p>\n\n\n\n<p>Die Verantwortung f\u00fcr die gesamte Einrichtung tr\u00e4gt die Leitung in Abstimmung mit dem Tr\u00e4ger. In Zusammenarbeit mit den Mitarbeiterinnen, dem Elternbeirat und dem Tr\u00e4ger entwickelt sie die p\u00e4dagogische Konzeption und achtet auf deren Umsetzung. Gemeinsam mit dem Tr\u00e4ger entwirft sie Perspektiven in der p\u00e4dagogischen Arbeit, setzt Ziele und gibt somit Orientierung und Sicherheit. Au\u00dferdem f\u00f6rdert sie die Teamentwicklung gezielt mit geeigneten Methoden und Instrumenten. Gezielte Personalentwicklung erfolgt durch Mitarbeitergespr\u00e4che, welche mindestens einmal im Jahr stattfinden. Durch die Teilnahme an den Leiterinnenarbeitskreisen der Caritas werden wichtige Neuerungen und Informationen in die Einrichtung gebracht.<\/p>\n\n\n\n<p><br>Dar\u00fcber hinaus erfolgt die Bereitstellung von geeigneten Materialien zur selbstst\u00e4ndigen Fortbildung f\u00fcr die P\u00e4dagoginnen (z. B. Fachb\u00fccher, Fachzeitschriften und Informationsmaterialien) im Rahmen einer Fachbibliothek im Leitungsb\u00fcro. Die Leitung vertritt die Interessen der Kindertageseinrichtung nach au\u00dfen. Sie ist Bindeglied zwischen der Einrichtung, der Kirchengemeinde und anderen \u00f6ffentlichen Institutionen. Die Leitung ist neben ihren Leitungst\u00e4tigkeiten auch im Gruppendienst t\u00e4tig.<\/p>\n\n\n\n<p>\u00dcber das Kontaktformular k\u00f6nnen Sie uns gerne kontaktieren.<\/p>\n","protected":false},"excerpt":{"rendered":"<p>Einrichtungsleitung: Lisa K\u00f6hlich Stellvertretende Leitung: Svenja Sch\u00e4fer Die Verantwortung f\u00fcr die gesamte Einrichtung tr\u00e4gt die Leitung in Abstimmung mit dem Tr\u00e4ger. In Zusammenarbeit mit den Mitarbeiterinnen, dem Elternbeirat und dem Tr\u00e4ger entwickelt sie die p\u00e4dagogische Konzeption und achtet auf deren Umsetzung. Gemeinsam mit dem Tr\u00e4ger entwirft sie Perspektiven in der p\u00e4dagogischen Arbeit, setzt Ziele und&#8230;<\/p>\n","protected":false},"author":1,"featured_media":0,"parent":0,"menu_order":0,"comment_status":"closed","ping_status":"closed","template":"","meta":{"footnotes":""},"class_list":["post-220","page","type-page","status-publish","hentry"],"_links":{"self":[{"href":"https:\/\/www.kita-dammbach.de\/index.php\/wp-json\/wp\/v2\/pages\/220","targetHints":{"allow":["GET"]}}],"collection":[{"href":"https:\/\/www.kita-dammbach.de\/index.php\/wp-json\/wp\/v2\/pages"}],"about":[{"href":"https:\/\/www.kita-dammbach.de\/index.php\/wp-json\/wp\/v2\/types\/page"}],"author":[{"embeddable":true,"href":"https:\/\/www.kita-dammbach.de\/index.php\/wp-json\/wp\/v2\/users\/1"}],"replies":[{"embeddable":true,"href":"https:\/\/www.kita-dammbach.de\/index.php\/wp-json\/wp\/v2\/comments?post=220"}],"version-history":[{"count":8,"href":"https:\/\/www.kita-dammbach.de\/index.php\/wp-json\/wp\/v2\/pages\/220\/revisions"}],"predecessor-version":[{"id":955,"href":"https:\/\/www.kita-dammbach.de\/index.php\/wp-json\/wp\/v2\/pages\/220\/revisions\/955"}],"wp:attachment":[{"href":"https:\/\/www.kita-dammbach.de\/index.php\/wp-json\/wp\/v2\/media?parent=220"}],"curies":[{"name":"wp","href":"https:\/\/api.w.org\/{rel}","templated":true}]}}