{"id":222,"date":"2022-01-31T20:47:39","date_gmt":"2022-01-31T20:47:39","guid":{"rendered":"https:\/\/www.kita-dammbach.de\/?page_id=222"},"modified":"2026-01-22T10:07:02","modified_gmt":"2026-01-22T10:07:02","slug":"traeger","status":"publish","type":"page","link":"https:\/\/www.kita-dammbach.de\/index.php\/traeger\/","title":{"rendered":"Tr\u00e4ger"},"content":{"rendered":"\n<p>Kindertageseinrichtung St. Martin<br>Wintersbacherstra\u00dfe 68 a<br>63874 Dammbach<br><\/p>\n\n\n\n<p>Vorstand Tr\u00e4gerverein: Stephanie Reinl<\/p>\n\n\n\n<p>Stellvertretung: Annika Sch\u00e4fer<\/p>\n\n\n\n<p>Die Kindertagesst\u00e4tte St. Martin steht unter der Tr\u00e4gerschaft des Kindergarten- und Krankenpflegevereins St. Martin in Dammbach. Als Mitglied des Di\u00f6zesan Caritasverbandes arbeiten wir mit allen Tageseinrichtungen und Diensten der Di\u00f6zese W\u00fcrzburg zusammen.<br>Der Verein wurde am 24. Februar 1978 in Dammbach gegr\u00fcndet. Er ist ein gemeinn\u00fctziger anerkannter eingetragener Verein (eingetragen im Vereinsregister des Amtsgerichtes Aschaffenburg).<br><br>Zweck des Vereines ist die ausschlie\u00dfliche und unmittelbar gemeinn\u00fctzige Aus\u00fcbung und F\u00f6rderung der Bildung und Erziehung des (Klein)Kindes nach christlichen Grunds\u00e4tzen durch den Betrieb und die Unterhaltung eines Kindergartens, sowie die ambulante Krankenpflege im christlichen Geist durch kooperative Mitgliedschaft im Sozialstation Verein St. Martin im Spessart, Sitz (Keilberg) Bessenbach.<br><br>Seine Hauptaufgabe findet der Verein heute in der F\u00fchrung des Betriebes der Kindertagesst\u00e4tte St. Martin in Dammbach, die einen Kindergarten und eine Kinderkrippe umfasst. Er verantwortet die Einhaltung und Umsetzung der gesetzlichen Regelungen und Vorschriften (BayKiBiG, BEP u.a.) und die Einhaltung und Umsetzung des religi\u00f6sen Profils. Die Bed\u00fcrfnisse der Dammbacher Familien (Kinder und Eltern) werden ber\u00fccksichtigt.<br><br>Der Verein wird in der Betriebsf\u00fchrung des Kindergartens durch seinen Vorstand vertreten. Der Vorstand tr\u00e4gt gemeinsam mit der Leitung der Kindertagesst\u00e4tte Verantwortung f\u00fcr den Betrieb und die Abl\u00e4ufe. Offenheit und Vertrauen sind Grundlage f\u00fcr eine gute, konstruktive Zusammenarbeit, die dem Team Gestaltungsspielraum f\u00fcr die p\u00e4dagogische Arbeit erlaubt. Die Zusammenarbeit erfolgt haupts\u00e4chlich zwischen Vorstandschaft und Kindertagesst\u00e4ttenleitung. Zu den Aufgaben des Vorstands geh\u00f6ren unter anderem die Organisation und Regelung der Finanzierung des laufenden Betriebes, Ausstattung der R\u00e4ume und der Au\u00dfenanlage, Beantragung und Abrechnung der staatlichen F\u00f6rdergelder. Auch f\u00fcr die Personalentwicklung ist der Tr\u00e4gerverein zust\u00e4ndig \u2013 er stellt in Absprache mit der Kindergartenleitung Personal ein und k\u00fcmmert sich z.B. um Arbeitssicherheit und Gesundheitsschutz der Angestellten.<br><br>Der Vorstand wird durch seine Mitglieder alle drei Jahre gew\u00e4hlt, ein Vorstandsmitglied kraft Amtes ist immer der jeweilige Pfarrer der Pfarrgemeinde St. Valentin. Bei der Anmeldung erhalten die Eltern eine Beitrittserkl\u00e4rung f\u00fcr den Verein, dem sie auf freiwilliger Basis beitreten k\u00f6nnen. Dies ist jedoch keine Aufnahmevoraussetzung f\u00fcr die Kindertageseinrichtung.<br>Dem Tr\u00e4gerverein, als auch den Mitarbeitern der Kindertagesst\u00e4tte ist es ein gro\u00dfes Anliegen, dass die der Einrichtung anvertrauten Kinder sich in der Kindertagesst\u00e4tte wohl f\u00fchlen. Das angestrebte Ziel ist auf die Bed\u00fcrfnisse jedes einzelnen Kindes einzugehen, es bestm\u00f6glich zu f\u00f6rdern und es dabei bei seiner Entwicklung zu unterst\u00fctzen.<\/p>\n\n\n\n<p><br>Alle &#8211; Tr\u00e4ger, Mitarbeiter und Eltern &#8211; arbeiten in einer Bildungspartnerschaft zusammen f\u00fcr das Wohl der Kinder.<\/p>\n\n\n\n<figure class=\"wp-block-image size-large\"><img loading=\"lazy\" decoding=\"async\" width=\"984\" height=\"984\" src=\"https:\/\/www.kita-dammbach.de\/wp-content\/uploads\/2022\/06\/2.png\" alt=\"\" class=\"wp-image-402\" srcset=\"https:\/\/www.kita-dammbach.de\/wp-content\/uploads\/2022\/06\/2.png 984w, https:\/\/www.kita-dammbach.de\/wp-content\/uploads\/2022\/06\/2-300x300.png 300w, https:\/\/www.kita-dammbach.de\/wp-content\/uploads\/2022\/06\/2-150x150.png 150w, https:\/\/www.kita-dammbach.de\/wp-content\/uploads\/2022\/06\/2-768x768.png 768w, https:\/\/www.kita-dammbach.de\/wp-content\/uploads\/2022\/06\/2-600x600.png 600w, https:\/\/www.kita-dammbach.de\/wp-content\/uploads\/2022\/06\/2-100x100.png 100w\" sizes=\"auto, (max-width: 984px) 100vw, 984px\" \/><figcaption class=\"wp-element-caption\">Annika Sch\u00e4fer, Stephanie Reinl<\/figcaption><\/figure>\n\n\n\n<div class=\"wp-block-file\"><a href=\"https:\/\/www.kita-dammbach.de\/wp-content\/uploads\/2024\/10\/Satzung-KiGa-St.-Martin_2024.pdf\">Satzung-KiGa-St.-Martin_2024<\/a><a href=\"https:\/\/www.kita-dammbach.de\/wp-content\/uploads\/2024\/10\/Satzung-KiGa-St.-Martin_2024.pdf\" class=\"wp-block-file__button wp-element-button\" download>Herunterladen<\/a><\/div>\n","protected":false},"excerpt":{"rendered":"<p>Kindertageseinrichtung St. MartinWintersbacherstra\u00dfe 68 a63874 Dammbach Vorstand Tr\u00e4gerverein: Stephanie Reinl Stellvertretung: Annika Sch\u00e4fer Die Kindertagesst\u00e4tte St. Martin steht unter der Tr\u00e4gerschaft des Kindergarten- und Krankenpflegevereins St. Martin in Dammbach. Als Mitglied des Di\u00f6zesan Caritasverbandes arbeiten wir mit allen Tageseinrichtungen und Diensten der Di\u00f6zese W\u00fcrzburg zusammen.Der Verein wurde am 24. Februar 1978 in Dammbach gegr\u00fcndet. Er&#8230;<\/p>\n","protected":false},"author":1,"featured_media":0,"parent":0,"menu_order":0,"comment_status":"closed","ping_status":"closed","template":"","meta":{"footnotes":""},"class_list":["post-222","page","type-page","status-publish","hentry"],"_links":{"self":[{"href":"https:\/\/www.kita-dammbach.de\/index.php\/wp-json\/wp\/v2\/pages\/222","targetHints":{"allow":["GET"]}}],"collection":[{"href":"https:\/\/www.kita-dammbach.de\/index.php\/wp-json\/wp\/v2\/pages"}],"about":[{"href":"https:\/\/www.kita-dammbach.de\/index.php\/wp-json\/wp\/v2\/types\/page"}],"author":[{"embeddable":true,"href":"https:\/\/www.kita-dammbach.de\/index.php\/wp-json\/wp\/v2\/users\/1"}],"replies":[{"embeddable":true,"href":"https:\/\/www.kita-dammbach.de\/index.php\/wp-json\/wp\/v2\/comments?post=222"}],"version-history":[{"count":9,"href":"https:\/\/www.kita-dammbach.de\/index.php\/wp-json\/wp\/v2\/pages\/222\/revisions"}],"predecessor-version":[{"id":978,"href":"https:\/\/www.kita-dammbach.de\/index.php\/wp-json\/wp\/v2\/pages\/222\/revisions\/978"}],"wp:attachment":[{"href":"https:\/\/www.kita-dammbach.de\/index.php\/wp-json\/wp\/v2\/media?parent=222"}],"curies":[{"name":"wp","href":"https:\/\/api.w.org\/{rel}","templated":true}]}}