{"id":99,"date":"2021-03-15T21:45:29","date_gmt":"2021-03-15T21:45:29","guid":{"rendered":"https:\/\/www.kita-dammbach.de\/?page_id=99"},"modified":"2023-03-17T10:21:27","modified_gmt":"2023-03-17T10:21:27","slug":"partner","status":"publish","type":"page","link":"https:\/\/www.kita-dammbach.de\/index.php\/partner\/","title":{"rendered":"Partner"},"content":{"rendered":"\n<b>Partnerschaften mit au\u00dferfamili\u00e4ren Bildungsorten<br><br>\n\nMultiprofessionelles Zusammenwirken mit Fachdiensten<br>\n&nbsp;&nbsp;und anderen Institutionen<\/b><br><br>\n\nUm eine ganzheitliche F\u00f6rderung des Kindes zu erm\u00f6glichen, ist h\u00e4ufig eine\nZusammenarbeit mit anderen Institutionen n\u00f6tig. Eine Zusammenarbeit erfolgt nur\nmit Einverst\u00e4ndnis und Kooperation der Eltern. Dies ist f\u00fcr den Erfolg der\nMa\u00dfnahmen unabdingbar.<br><br>\n\n<b>Kooperationspartner unserer Einrichtung:<\/b><br><br>\n\n&#8211; Fr\u00fchf\u00f6rderstelle<br>\n&#8211; Mobile sonderp\u00e4dagogische Hilfe<br>\n&#8211; Mobiler sonderp\u00e4dagogischer Dienst<br>\n&#8211; Dr. Albert Liebmann Schule <br>\n&nbsp;&nbsp;(Diagnose und Beratungstage im Kiga)<br>\n&#8211; Logop\u00e4den<br>\n&#8211; Ergotherapeuten<br>\n&#8211; Physiotherapeuten<br>\n&#8211; Jugendamt<br>\n&#8211; Caritas Fachberatung<br>\n&#8211; Schulvorbereitende Einrichtungen (SVE)<br>\n&#8211; F\u00f6rderzentren<br>\n&#8211; Fr\u00fchdiagnosezentren<br>\n&#8211; \u00c4rzte<br>\n&#8211; Erziehungsberatungsstelle<br>\n&#8211; Schulpsychologen<br>\n&#8211; Grundschule<br>\n&#8211; Ausbildungsst\u00e4tten (z.B. Fachakademien f\u00fcr<br>\n&nbsp;&nbsp;Sozialp\u00e4dagogik, Kinderpflegeschule)<br><br><br>\n","protected":false},"excerpt":{"rendered":"<p>Partnerschaften mit au\u00dferfamili\u00e4ren Bildungsorten Multiprofessionelles Zusammenwirken mit Fachdiensten &nbsp;&nbsp;und anderen Institutionen Um eine ganzheitliche F\u00f6rderung des Kindes zu erm\u00f6glichen, ist h\u00e4ufig eine Zusammenarbeit mit anderen Institutionen n\u00f6tig. Eine Zusammenarbeit erfolgt nur mit Einverst\u00e4ndnis und Kooperation der Eltern. Dies ist f\u00fcr den Erfolg der Ma\u00dfnahmen unabdingbar. Kooperationspartner unserer Einrichtung: &#8211; Fr\u00fchf\u00f6rderstelle &#8211; Mobile sonderp\u00e4dagogische Hilfe &#8211;&#8230;<\/p>\n","protected":false},"author":1,"featured_media":0,"parent":0,"menu_order":0,"comment_status":"closed","ping_status":"closed","template":"","meta":{"footnotes":""},"class_list":["post-99","page","type-page","status-publish","hentry"],"_links":{"self":[{"href":"https:\/\/www.kita-dammbach.de\/index.php\/wp-json\/wp\/v2\/pages\/99","targetHints":{"allow":["GET"]}}],"collection":[{"href":"https:\/\/www.kita-dammbach.de\/index.php\/wp-json\/wp\/v2\/pages"}],"about":[{"href":"https:\/\/www.kita-dammbach.de\/index.php\/wp-json\/wp\/v2\/types\/page"}],"author":[{"embeddable":true,"href":"https:\/\/www.kita-dammbach.de\/index.php\/wp-json\/wp\/v2\/users\/1"}],"replies":[{"embeddable":true,"href":"https:\/\/www.kita-dammbach.de\/index.php\/wp-json\/wp\/v2\/comments?post=99"}],"version-history":[{"count":2,"href":"https:\/\/www.kita-dammbach.de\/index.php\/wp-json\/wp\/v2\/pages\/99\/revisions"}],"predecessor-version":[{"id":505,"href":"https:\/\/www.kita-dammbach.de\/index.php\/wp-json\/wp\/v2\/pages\/99\/revisions\/505"}],"wp:attachment":[{"href":"https:\/\/www.kita-dammbach.de\/index.php\/wp-json\/wp\/v2\/media?parent=99"}],"curies":[{"name":"wp","href":"https:\/\/api.w.org\/{rel}","templated":true}]}}